{"id":39,"date":"2019-07-14T19:08:46","date_gmt":"2019-07-14T19:08:46","guid":{"rendered":"http:\/\/www.mosmetal.com.tr\/?page_id=39"},"modified":"2019-10-28T15:23:56","modified_gmt":"2019-10-28T15:23:56","slug":"iletisim","status":"publish","type":"page","link":"https:\/\/www.mosmetal.com.tr\/ru\/?page_id=39","title":{"rendered":"\u041a\u041e\u041d\u0422\u0410\u041a\u0422\u042b"},"content":{"rendered":"<p><iframe loading=\"lazy\" style=\"border: 0;\" src=\"https:\/\/www.google.com\/maps\/embed?pb=!1m18!1m12!1m3!1d3019.148262271344!2d29.562929315759977!3d40.82470697931986!2m3!1f0!2f0!3f0!3m2!1i1024!2i768!4f13.1!3m3!1m2!1s0x0%3A0x0!2zNDDCsDQ5JzI5LjAiTiAyOcKwMzMnNTQuNCJF!5e0!3m2!1str!2str!4v1563266816262!5m2!1str!2str\" width=\"100%\" height=\"400\" frameborder=\"0\" allowfullscreen=\"allowfullscreen\"><\/iframe><\/p>\n<p><strong>MOS D\u00d6VME VE METAL SANAY\u0130 L\u0130M\u0130TED \u015e\u0130RKET\u0130<\/strong><\/p>\n<ul>\n<li style=\"list-style-type: none;\">\n<ul>\n<li>\u00c7erke\u015fli OSB Mah. \u0130mes-21 Cad. No.:5 Dilovas\u0131 \/ Kocaeli<\/li>\n<\/ul>\n<\/li>\n<\/ul>\n<p>Ulu\u00e7\u0131nar V.D. 6231250746<\/p>\n<p>GPS-\u043c\u0435\u0441\u0442\u043e\u043f\u043e\u043b\u043e\u0436\u0435\u043d\u0438\u0435: 40.824707, 29.565118<\/p>\n<p>\u0422\u0435\u043b\u0435\u0444\u043e\u043d: +90 262 502 46 00<\/p>\n<p>\u0424\u0430\u043a\u0441: +90 262 502 46 01<\/p>\n<div role=\"form\" class=\"wpcf7\" id=\"wpcf7-f124-o1\" lang=\"en-US\" dir=\"ltr\">\n<div class=\"screen-reader-response\"><\/div>\n<form action=\"\/ru\/index.php?rest_route=%2Fwp%2Fv2%2Fpages%2F39#wpcf7-f124-o1\" method=\"post\" class=\"wpcf7-form\" novalidate=\"novalidate\">\n<div style=\"display: none;\">\n<input type=\"hidden\" name=\"_wpcf7\" value=\"124\" \/>\n<input type=\"hidden\" name=\"_wpcf7_version\" value=\"5.1.3\" \/>\n<input type=\"hidden\" name=\"_wpcf7_locale\" value=\"en_US\" \/>\n<input type=\"hidden\" name=\"_wpcf7_unit_tag\" value=\"wpcf7-f124-o1\" \/>\n<input type=\"hidden\" name=\"_wpcf7_container_post\" value=\"0\" \/>\n<\/div>\n<p><label> Your Name (required)<br \/>\n    <span class=\"wpcf7-form-control-wrap your-name\"><input type=\"text\" name=\"your-name\" value=\"\" size=\"40\" class=\"wpcf7-form-control wpcf7-text wpcf7-validates-as-required\" aria-required=\"true\" aria-invalid=\"false\" \/><\/span> <\/label><\/p>\n<p><label> Your Email (required)<br \/>\n    <span class=\"wpcf7-form-control-wrap your-email\"><input type=\"email\" name=\"your-email\" value=\"\" size=\"40\" class=\"wpcf7-form-control wpcf7-text wpcf7-email wpcf7-validates-as-required wpcf7-validates-as-email\" aria-required=\"true\" aria-invalid=\"false\" \/><\/span> <\/label><\/p>\n<p><label> Subject<br \/>\n    <span class=\"wpcf7-form-control-wrap your-subject\"><input type=\"text\" name=\"your-subject\" value=\"\" size=\"40\" class=\"wpcf7-form-control wpcf7-text\" aria-invalid=\"false\" \/><\/span> <\/label><\/p>\n<p><label> Hangi \u00dcr\u00fcnler \u0130le \u0130lgileniyorsunuz<br \/>\n  <span class=\"wpcf7-form-control-wrap menu-873\"><select name=\"menu-873\" class=\"wpcf7-form-control wpcf7-select\" aria-invalid=\"false\"><option value=\"Metal \u00dcr\u00fcnler\">Metal \u00dcr\u00fcnler<\/option><option value=\"Flan\u015flar\">Flan\u015flar<\/option><option value=\"Teklif Alma\">Teklif Alma<\/option><option value=\"Genel Ba\u015fvuru\">Genel Ba\u015fvuru<\/option><\/select><\/span><\/label><\/p>\n<p><label> Your Message<br \/>\n    <span class=\"wpcf7-form-control-wrap your-message\"><textarea name=\"your-message\" cols=\"40\" rows=\"10\" class=\"wpcf7-form-control wpcf7-textarea\" aria-invalid=\"false\"><\/textarea><\/span> <\/label><\/p>\n<p><input type=\"submit\" value=\"Send\" class=\"wpcf7-form-control wpcf7-submit\" \/><\/p>\n<div class=\"wpcf7-response-output wpcf7-display-none\"><\/div><\/form><\/div>\n","protected":false},"excerpt":{"rendered":"<p>MOS D\u00d6VME VE METAL SANAY\u0130 L\u0130M\u0130TED \u015e\u0130RKET\u0130 \u00c7erke\u015fli OSB Mah. \u0130mes-21 Cad. No.:5 Dilovas\u0131 \/ Kocaeli Ulu\u00e7\u0131nar V.D. 6231250746 GPS-\u043c\u0435\u0441\u0442\u043e\u043f\u043e\u043b\u043e\u0436\u0435\u043d\u0438\u0435: 40.824707, 29.565118 \u0422\u0435\u043b\u0435\u0444\u043e\u043d: +90 262 502 46 00 \u0424\u0430\u043a\u0441: +90 262 502 46 01<\/p>\n","protected":false},"author":1,"featured_media":0,"parent":26,"menu_order":0,"comment_status":"closed","ping_status":"closed","template":"","meta":[],"_links":{"self":[{"href":"https:\/\/www.mosmetal.com.tr\/ru\/index.php?rest_route=\/wp\/v2\/pages\/39"}],"collection":[{"href":"https:\/\/www.mosmetal.com.tr\/ru\/index.php?rest_route=\/wp\/v2\/pages"}],"about":[{"href":"https:\/\/www.mosmetal.com.tr\/ru\/index.php?rest_route=\/wp\/v2\/types\/page"}],"author":[{"embeddable":true,"href":"https:\/\/www.mosmetal.com.tr\/ru\/index.php?rest_route=\/wp\/v2\/users\/1"}],"replies":[{"embeddable":true,"href":"https:\/\/www.mosmetal.com.tr\/ru\/index.php?rest_route=%2Fwp%2Fv2%2Fcomments&post=39"}],"version-history":[{"count":11,"href":"https:\/\/www.mosmetal.com.tr\/ru\/index.php?rest_route=\/wp\/v2\/pages\/39\/revisions"}],"predecessor-version":[{"id":161,"href":"https:\/\/www.mosmetal.com.tr\/ru\/index.php?rest_route=\/wp\/v2\/pages\/39\/revisions\/161"}],"up":[{"embeddable":true,"href":"https:\/\/www.mosmetal.com.tr\/ru\/index.php?rest_route=\/wp\/v2\/pages\/26"}],"wp:attachment":[{"href":"https:\/\/www.mosmetal.com.tr\/ru\/index.php?rest_route=%2Fwp%2Fv2%2Fmedia&parent=39"}],"curies":[{"name":"wp","href":"https:\/\/api.w.org\/{rel}","templated":true}]}}